{"id":963,"date":"2018-12-21T14:54:13","date_gmt":"2018-12-21T13:54:13","guid":{"rendered":"https:\/\/bmone.uwdemo.cz\/?page_id=963"},"modified":"2021-05-26T14:15:09","modified_gmt":"2021-05-26T12:15:09","slug":"vop","status":"publish","type":"page","link":"https:\/\/bmone.uwdemo.cz\/index.php\/vop\/","title":{"rendered":"VOP"},"content":{"rendered":"<p>[et_pb_section bb_built=&#8220;1&#8243; admin_label=&#8220;Sekce&#8220; fullwidth=&#8220;on&#8220;][et_pb_fullwidth_menu admin_label=&#8220;Tu\u010dn\u00e9 menu&#8220; menu_id=&#8220;2&#8243; background_layout=&#8220;dark&#8220; text_orientation=&#8220;right&#8220; submenu_direction=&#8220;downwards&#8220; fullwidth_menu=&#8220;off&#8220; module_id=&#8220;primaryMenu&#8220; background_color=&#8220;#ffffff&#8220; dropdown_menu_animation=&#8220;fade&#8220; dropdown_menu_bg_color=&#8220;rgba(86,86,86,0)&#8220; \/][\/et_pb_section][et_pb_section bb_built=&#8220;1&#8243; admin_label=&#8220;section&#8220; module_id=&#8220;contMain&#8220;][et_pb_row admin_label=&#8220;\u0158\u00e1dek&#8220; module_id=&#8220;innerMain&#8220;][et_pb_column type=&#8220;1_2&#8243;][et_pb_text admin_label=&#8220;Text&#8220; module_id=&#8220;textMain&#8220;]<\/p>\n<h1><strong><span style=\"font-size: 80%;\">Nechte se inspirovat<\/span><\/strong><\/h1>\n<p>Jsme volba \u010d. 1 pro lidi, kte\u0159\u00ed to<br \/>\nse sv\u00fdm domem mysl\u00ed v\u00e1\u017en\u011b.<\/p>\n<p>[\/et_pb_text][et_pb_image admin_label=&#8220;Obr\u00e1zek&#8220; src=&#8220;https:\/\/bmone.uwdemo.cz\/wp-content\/uploads\/2018\/12\/logoBMO.png&#8220; url=&#8220;https:\/\/bmone.uwdemo.cz&#8220; disabled_on=&#8220;off|off|on&#8220; module_id=&#8220;logoMobil&#8220; \/][et_pb_text admin_label=&#8220;Text&#8220; background_layout=&#8220;light&#8220; text_orientation=&#8220;left&#8220; use_border_color=&#8220;off&#8220; border_color=&#8220;#ffffff&#8220; border_style=&#8220;solid&#8220;]<\/p>\n<p>&nbsp;<\/p>\n<p>&nbsp;<\/p>\n<div class=\"btnOnas\">O N\u00c1S<\/div>\n<p>&nbsp;<\/p>\n<p>&nbsp;<\/p>\n<p>[\/et_pb_text][\/et_pb_column][et_pb_column type=&#8220;1_2&#8243;][et_pb_text admin_label=&#8220;Text&#8220; module_id=&#8220;airplane&#8220;]<\/p>\n<p><img decoding=\"async\" src=\"https:\/\/bmone.uwdemo.cz\/wp-content\/uploads\/2018\/12\/airplane-over.png\" alt=\"airplane\" \/><\/p>\n<p>[\/et_pb_text][\/et_pb_column][\/et_pb_row][et_pb_row admin_label=&#8220;row&#8220; module_id=&#8220;aktuality&#8220; module_class=&#8220;nadpiSekce&#8220;][et_pb_column type=&#8220;4_4&#8243;][et_pb_text admin_label=&#8220;Nadpis&#8220; module_id=&#8220;aktualityText&#8220; module_class=&#8220;nadpisSekce&#8220; background_layout=&#8220;light&#8220; text_orientation=&#8220;left&#8220; use_border_color=&#8220;off&#8220; border_color=&#8220;#ffffff&#8220; border_style=&#8220;solid&#8220;]<\/p>\n<p style=\"text-align: right; font-size: 220%;\"><span style=\"color: #df1256;\">V\u0161eobecn\u00e9 obchodn\u00ed podm\u00ednky<\/span><\/p>\n<p>[\/et_pb_text][\/et_pb_column][\/et_pb_row][\/et_pb_section][et_pb_section bb_built=&#8220;1&#8243; admin_label=&#8220;Sekce&#8220; fullwidth=&#8220;off&#8220; specialty=&#8220;off&#8220;][et_pb_row admin_label=&#8220;\u0158\u00e1dek&#8220;][et_pb_column type=&#8220;4_4&#8243;][et_pb_text admin_label=&#8220;Text podm\u00ednky&#8220; background_layout=&#8220;light&#8220; text_orientation=&#8220;left&#8220; use_border_color=&#8220;off&#8220; border_color=&#8220;#ffffff&#8220; border_style=&#8220;solid&#8220; module_id=&#8220;podminky&#8220;]<\/p>\n<p><span style=\"font-size: 14pt; color: #000000;\"><strong>V\u0161eobecn\u00e9 obchodn\u00ed podm\u00ednky Business Media One, s.r.o.<\/strong><\/span><\/p>\n<div class=\"page\" title=\"Page 1\">\n<div class=\"layoutArea\">\n<div class=\"column\">\n<p><span style=\"color: #000000;\"><strong>Objedn\u00e1vka inzerce<\/strong><\/span><\/p>\n<ol>\n<li><span style=\"color: #000000;\">Spole\u010dnost Business Media One, s.r.o., se s\u00eddlem N\u00e1dra\u017en\u00ed 762\/32, Sm\u00edchov, 150 00 Praha 5, I\u010c: 03589552, zapsan\u00e1 v obchodn\u00edm rejst\u0159\u00edku veden\u00e9m M\u011bstsk\u00fdm soudem v Praze, odd\u00edl C, vlo\u017eka C 234179 (d\u00e1le jen \u201evydavatelstv\u00ed\u201c) je vydavatelem \u0159ady titul\u016f periodick\u00e9ho tisku, ve kter\u00fdch je na z\u00e1klad\u011b obchodn\u00edch smluv mezi vydavatelstv\u00edm a zadavateli inzerce uve\u0159ej\u0148ov\u00e1na za \u00faplatu inzerce zadavatel\u016f.<\/span><\/li>\n<li><span style=\"color: #000000;\">Inzerc\u00ed se rozum\u00ed plo\u0161n\u00e1 inzerce, vklady a v\u0161\u00edv\u00e1n\u00ed, PR \u010dl\u00e1nky a dal\u0161\u00ed form\u00e1ty (Z-Gate, p\u0159elepky atd.). Vydavatelstv\u00ed si v souladu se z\u00e1konem vyhrazuje pr\u00e1vo ozna\u010dit uve\u0159ejn\u011bn\u00e9 PR \u010dl\u00e1nky jako placenou inzerci, p\u0159\u00edpadn\u011b komer\u010dn\u00ed prezentaci. Podm\u00ednkou pro uve\u0159ejn\u011bn\u00ed t\u011bchto PR \u010dl\u00e1nk\u016f je, \u017ee nebudou m\u00edt podobu redak\u010dn\u00edch stran (zejm\u00e9na zalomen\u00ed, fonty, barvy, perex apod.).<\/span><\/li>\n<li><span style=\"color: #000000;\">Objedn\u00e1vka inzerce obsahuje n\u00e1sleduj\u00edc\u00ed n\u00e1le\u017eitosti:<\/span><\/li>\n<\/ol>\n<ul>\n<li><span style=\"color: #000000;\">n\u00e1zev zadavatele, resp. jm\u00e9no a p\u0159\u00edjmen\u00ed a p\u0159\u00edpadn\u00fd dodatek u podnikaj\u00edc\u00ed fyzick\u00e9 osoby<\/span><\/li>\n<li><span style=\"color: #000000;\">s\u00eddlo zadavatele, kter\u00e9 je sou\u010dasn\u011b faktura\u010dn\u00ed adresou a p\u0159\u00edpadn\u011b koresponden\u010dn\u00ed adresu<\/span><\/li>\n<li><span style=\"color: #000000;\">I\u010cO \u010di DI\u010c, p\u0159\u00edpadn\u011b \u00fadaj o z\u00e1pisu v obchodn\u00edm rejst\u0159\u00edku a bankovn\u00ed spojen\u00ed<\/span><\/li>\n<li><span style=\"color: #000000;\">kontaktn\u00ed osobu zadavatele v\u010detn\u011b \u010d\u00edsla telefonu<\/span><\/li>\n<li><span style=\"color: #000000;\">n\u00e1zev titulu, do kter\u00e9ho je inzer\u00e1t objedn\u00e1n (v p\u0159\u00edpad\u011b, \u017ee je inzer\u00e1t objedn\u00e1n do n\u011bkter\u00e9 z t\u00e9matick\u00fdch p\u0159\u00edloh je nutn\u00e9 uv\u00e9st n\u00e1zev t\u00e9to<\/span><span style=\"color: #000000;\">p\u0159\u00edlohy)<\/span><\/li>\n<li><span style=\"color: #000000;\">datum uve\u0159ejn\u011bn\u00ed inzer\u00e1tu<\/span><\/li>\n<li><span style=\"color: #000000;\"><span style=\"color: #000000;\">rozm\u011br a cenu inzer\u00e1tu v\u010detn\u011b p\u0159\u00edpadn\u00e9 n\u00e1rokovan\u00e9 slevy a\/nebo agenturn\u00ed provize.<br \/>\n<span style=\"color: #000000;\">Origin\u00e1l objedn\u00e1vky je nutn\u00e9 doru\u010dit p\u00edsemn\u011b, a to i v p\u0159\u00edpad\u011b p\u0159edchoz\u00edho doru\u010den\u00ed objedn\u00e1vky faxem, emailem, skenem nebo jin\u00fdmi mechanick\u00fdmi \u010di elektronick\u00fdmi prost\u0159edky. Pokud v\u0161ak zadavatel n\u00e1sledn\u011b nedoru\u010d\u00ed origin\u00e1l objedn\u00e1vky vydavatelstv\u00ed, nem\u00e1 to vliv na uzav\u0159en\u00ed smlouvy o inzerci mezi vydavatelstv\u00edm a zadavatelem, pokud vydavatelstv\u00ed objedn\u00e1vku potvrdilo dle n\u00e1sleduj\u00edc\u00edho bodu 4.<\/span><\/span><\/span><\/li>\n<\/ul>\n<p><span style=\"color: #000000; font-size: 11pt;\">4. Vypln\u011bnou objedn\u00e1vku inzerce potvrd\u00ed vydavatelstv\u00ed p\u00edsemn\u011b. P\u00edsemn\u00fdm potvrzen\u00edm se rozum\u00ed tak\u00e9 potvrzen\u00ed faxem \u010di skenem. Pokud zadavatel inzerce neobjedn\u00e1 konkr\u00e9tn\u00ed rozm\u011br, cenu, um\u00edst\u011bn\u00ed nebo term\u00edn inzer\u00e1tu, p\u0159en\u00e1\u0161\u00ed tuto volbu na vydavatelstv\u00ed s t\u00edm, \u017ee uhrad\u00ed cenu inzer\u00e1tu podle skute\u010dn\u011b realizovan\u00e9ho inzer\u00e1tu dle aktu\u00e1ln\u00edho cen\u00edku zvolen\u00e9ho m\u00e9dia.<\/span><\/p>\n<p><span style=\"color: #000000;\"><strong>Pr\u00e1vo odm\u00edtnut\u00ed inzer\u00e1tu<\/strong><\/span><\/p>\n<ol>\n<li><span style=\"color: #000000;\">Vydavatelstv\u00ed si vyhrazuje pr\u00e1vo odm\u00edtnout p\u0159ijet\u00ed zak\u00e1zky, jestli\u017ee grafick\u00e1 nebo textov\u00e1 podoba inzer\u00e1tu je v rozporu s obecn\u011b z\u00e1vazn\u00fdmi pr\u00e1vn\u00edmi p\u0159edpisy, s dobr\u00fdmi mravy a zvyklostmi, po\u0161kozuje nebo by mohla po\u0161kodit dobr\u00e9 jm\u00e9no nebo z\u00e1jmy vydavatelstv\u00ed.<\/span><\/li>\n<li><span style=\"color: #000000;\">Vydavatelstv\u00ed nen\u00ed povinno odm\u00edtnut\u00ed takov\u00e9to zak\u00e1zky od\u016fvod\u0148ovat a odm\u00edtnut\u00ed zak\u00e1zky zadavateli inzerce pouze p\u00edsemn\u011b ozn\u00e1m\u00ed. Takov\u00e1 zak\u00e1zka m\u016f\u017ee b\u00fdt odm\u00edtnuta i pozd\u011bji, pokud by d\u016fvody pro jej\u00ed nep\u0159ijet\u00ed byly zji\u0161t\u011bny teprve dodate\u010dn\u011b.<\/span><\/li>\n<li><span style=\"color: #000000;\">Vydavatelstv\u00ed si vyhrazuje pr\u00e1vo stornovat ji\u017e p\u0159ijatou a potvrzenou objedn\u00e1vku zadavatele v p\u0159\u00edpad\u011b, \u017ee je tento v prodlen\u00ed s \u00fahradou sv\u00fdch z\u00e1vazk\u016f d\u00e9le ne\u017e 30 dn\u00ed za d\u0159\u00edve poskytnutou inzerci ze strany vydavatelstv\u00ed Business Media One, s.r.o. v jeho titulech.<\/span><\/li>\n<li><span style=\"color: #000000;\">Vydavatelstv\u00ed neodpov\u00edd\u00e1 za p\u0159\u00edpadn\u00e9 \u0161kody v\u016f\u010di zadavateli inzerce, pokud zve\u0159ejn\u011bn\u00ed inzer\u00e1tu odm\u00edtne z v\u00fd\u0161e uveden\u00fdch d\u016fvod\u016f.<\/span><\/li>\n<\/ol>\n<\/div>\n<div class=\"page\" title=\"Page 2\">\n<div class=\"layoutArea\">\n<div class=\"column\">\n<p><span style=\"color: #000000;\"><strong>Podklady pro inzerci<\/strong><\/span><\/p>\n<ol>\n<li><span style=\"color: #000000;\">Vydavatelstv\u00ed poskytuje b\u011b\u017enou kvalitu tisku inzerce obvyklou pro dan\u00fd titul, danou i kvalitou dodan\u00fdch podklad\u016f. Zadavatel inzerce akceptuje barevnou zm\u011bnu oproti chemick\u00e9mu n\u00e1tisku, kter\u00e1 odpov\u00edd\u00e1 technologii tisku dan\u00e9ho periodika. Vydavatelstv\u00ed neodpov\u00edd\u00e1 za vady zp\u016fsoben\u00e9 chybn\u00fdmi podklady dodan\u00fdmi zadavatelem inzerce. V p\u0159\u00edpad\u011b, \u017ee vydavatelstv\u00ed takto chybn\u00e9 podklady odhal\u00ed a bude to \u010dasov\u011b mo\u017en\u00e9, vy\u017e\u00e1d\u00e1 si od zadavatele podklady nov\u00e9 bezchybn\u00e9. V opa\u010dn\u00e9m p\u0159\u00edpad\u011b, kdy nebudou dod\u00e1ny nov\u00e9 bezchybn\u00e9 podklady nebo ji\u017e nebude z \u010dasov\u00fdch d\u016fvod\u016f mo\u017en\u00e9 podklady vym\u011bnit, provede vydavatelstv\u00ed inzerci na z\u00e1klad\u011b dodan\u00fdch podklad\u016f a zadavatel inzerce nen\u00ed opr\u00e1vn\u011bn uplat\u0148ovat jak\u00e9koli n\u00e1roky na reklamaci.<\/span><\/li>\n<li><span style=\"color: #000000;\">Zadavatel inzerce ru\u010d\u00ed za v\u010dasn\u00e9 dod\u00e1n\u00ed bezchybn\u00fdch tiskov\u00fdch podklad\u016f (tiskov\u00e9 PDF) v souladu s platn\u00fdmi technick\u00fdmi specifikacemi a nese pln\u011b n\u00e1klady na jejich zhotoven\u00ed. \u00dapln\u00e9 informace o technick\u00fdch specifikac\u00edch inzer\u00e1t\u016f jsou uve\u0159ejn\u011bny na str\u00e1nk\u00e1ch www.bmone.cz.<\/span><\/li>\n<li><span style=\"color: #000000;\">Sou\u010d\u00e1st\u00ed podklad\u016f inzerce dodan\u00fdch zadavatelem inzerce mus\u00ed b\u00fdt chemick\u00fd n\u00e1tisk. V p\u0159\u00edpad\u011b, \u017ee zadavatel netrv\u00e1 na p\u0159esn\u00e9 reprodukci barev, sta\u010d\u00ed pouze digit\u00e1ln\u00ed n\u00e1tisk ve velikosti 1:1. Datum a \u010das uveden\u00fd v hlavi\u010dce souboru s dodan\u00fdmi podklady inzerce mus\u00ed souhlasit s hlavi\u010dkou uvedenou na n\u00e1tisku. Pokud \u00fadaje nesouhlas\u00ed nebo nen\u00ed-li n\u00e1tisk dod\u00e1n v\u016fbec, nen\u00ed vydavatel odpov\u011bdn\u00fd za obsah a spr\u00e1vnou kvalitu inzer\u00e1tu.<\/span><\/li>\n<li><span style=\"color: #000000;\">D\u00e1le mus\u00ed b\u00fdt sou\u010d\u00e1st\u00ed dodan\u00fdch podklad\u016f pr\u016fvodn\u00ed list, kde je uveden konkr\u00e9tn\u00ed titul, datum expedice, n\u00e1zev zadavatele inzerce (pop\u0159. i klienta) a kontakt na grafika nebo osobu odpov\u011bdnou za spr\u00e1vnost t\u011bchto podklad\u016f.<\/span><\/li>\n<li><span style=\"color: #000000;\">Zadavatel inzerce m\u00e1 v r\u00e1mci platby za zhotoven\u00ed inzer\u00e1tu (v p\u0159\u00edpad\u011b kdy inzer\u00e1t vyr\u00e1b\u00ed vydavatelstv\u00ed z dodan\u00fdch d\u00edl\u010d\u00edch podklad\u016f), kter\u00e1 \u010din\u00ed 3.000 K\u010d bez DPH, n\u00e1rok na dv\u011b bezplatn\u00e9 korektury. T\u0159et\u00ed a ka\u017ed\u00e1 dal\u0161\u00ed korektura bude odb\u011brateli \u00fa\u010dtov\u00e1na. Cena za jednu \u00fa\u010dtovanou korekturu je stanovena na \u010d\u00e1stku 500 K\u010d bez DPH.<\/span><\/li>\n<li><span style=\"color: #000000;\">Vydavatelstv\u00ed nen\u00ed povinno uchov\u00e1vat ani vracet inzertn\u00ed podklady.<\/span><\/li>\n<li><span style=\"color: #000000;\">Zadavatel inzerce odpov\u00edd\u00e1 za obsah a pr\u00e1vn\u00ed p\u0159\u00edpustnost dodan\u00fdch textov\u00fdch a obrazov\u00fdch p\u0159edloh a zbavuje vydavatelstv\u00ed odpov\u011bdnosti za p\u0159\u00edpadn\u00e9 n\u00e1roky u\u010din\u011bn\u00e9 ze strany t\u0159et\u00edch osob. Vydavatelstv\u00ed v tomto sm\u011bru nen\u00ed povinno jakkoli prov\u011b\u0159ovat, zda uve\u0159ejn\u011bn\u00e1 inzerce zadavatele nepo\u0161kozuje \u010di nepo\u0161kod\u00ed pr\u00e1va a opr\u00e1vn\u011bn\u00e9 z\u00e1jmy t\u0159et\u00edch osob. Vydavatelstv\u00ed nenese odpov\u011bdnost za p\u0159\u00edpadn\u00e9 po\u0161kozen\u00ed opr\u00e1vn\u011bn\u00fdch z\u00e1jm\u016f \u010di pr\u00e1v t\u0159et\u00edch osob v d\u016fsledku uve\u0159ejn\u011bn\u00ed zadan\u00e9 inzerce.<\/span><\/li>\n<\/ol>\n<p><span style=\"color: #000000;\"><strong>Reklamace inzerce<\/strong><\/span><\/p>\n<ol>\n<li><span style=\"color: #000000;\">Zadavatel inzerce je povinen reklamovat p\u0159\u00edpadn\u00e9 vady uve\u0159ejn\u011bn\u00e9ho inzer\u00e1tu v\u00fdhradn\u011b p\u00edsemn\u011b do 10 dn\u016f po expedici inzer\u00e1tu, jinak jeho pr\u00e1va zanikaj\u00ed.<\/span><\/li>\n<li><span style=\"color: #000000;\">V p\u0159\u00edpad\u011b, \u017ee dojde z d\u016fvodu na stran\u011b vydavatelstv\u00ed k podstatn\u00e9mu sn\u00ed\u017een\u00ed informa\u010dn\u00ed hodnoty inzer\u00e1tu, nebo je prokazateln\u011b po\u0161kozeno dobr\u00e9 jm\u00e9no zadavatele inzerce\/klienta, m\u00e1 tento n\u00e1rok na sn\u00ed\u017een\u00ed ceny nebo na uve\u0159ejn\u011bn\u00ed opraven\u00e9ho inzer\u00e1tu.<\/span><\/li>\n<li><span style=\"color: #000000;\">Pokud bude uve\u0159ejn\u011bn\u00ed n\u00e1hradn\u00edho inzer\u00e1tu ji\u017e bezp\u0159edm\u011btn\u00e9, m\u016f\u017ee zadavatel inzerce \u017e\u00e1dat sn\u00ed\u017een\u00ed ceny, a to max. do v\u00fd\u0161e hodnoty vadn\u011b uve\u0159ejn\u011bn\u00e9ho inzer\u00e1tu. Vydavatelstv\u00ed odpov\u00edd\u00e1 pouze za prok\u00e1zan\u00e9 vady uve\u0159ejn\u011bn\u00e9ho inzer\u00e1tu.<\/span><\/li>\n<li><span style=\"color: #000000;\">P\u0159i uve\u0159ej\u0148ov\u00e1n\u00ed opakovan\u00fdch inzer\u00e1t\u016f je zadavatel inzerce povinen zkontrolovat ihned po ka\u017ed\u00e9m uve\u0159ejn\u011bn\u00ed jejich spr\u00e1vnost a \u00faplnost. Vydavatelstv\u00ed neuzn\u00e1 n\u00e1rok na bezplatn\u00e9 uve\u0159ejn\u011bn\u00ed n\u00e1hradn\u00edho inzer\u00e1tu v tom p\u0159\u00edpad\u011b, jestli\u017ee se p\u0159i opakov\u00e1n\u00ed objevila tat\u00e1\u017e chyba, ani\u017e by byla tato chyba bezprost\u0159edn\u011b po p\u0159edchoz\u00edm uve\u0159ejn\u011bn\u00ed ozn\u00e1mena vydavatelstv\u00ed.<\/span><\/li>\n<\/ol>\n<div class=\"page\" title=\"Page 3\">\n<div class=\"layoutArea\">\n<div class=\"column\">\n<p><strong><span style=\"color: #000000;\">Platebn\u00ed podm\u00ednky<\/span><\/strong><\/p>\n<ol>\n<li><span style=\"color: #000000;\">Ceny inzerce jsou stanoveny v souladu s platn\u00fdmi cen\u00edky tiskov\u00fdch m\u00e9di\u00ed ve kter\u00fdch je inzerce uve\u0159ejn\u011bna.<\/span><\/li>\n<li><span style=\"color: #000000;\">Zadavatel inzerce uhrad\u00ed cenu inzer\u00e1tu na z\u00e1klad\u011b faktury vystaven\u00e9 vydavatelstv\u00edm p\u0159eveden\u00edm p\u0159\u00edslu\u0161n\u00e9 \u010d\u00e1stky na \u00fa\u010det uveden\u00fd na faktu\u0159e. Tuto fakturu vydavatelstv\u00ed vystav\u00ed do 14ti dn\u016f od expedice titulu, v kter\u00e9m je uve\u0159ejn\u011bna dot\u010den\u00e1 inzerce.<\/span><\/li>\n<li><span style=\"color: #000000;\">Faktura vydavatelstv\u00ed je splatn\u00e1 do 14ti dn\u016f ode dne jej\u00edho vystaven\u00ed. Spolu s fakturou zas\u00edl\u00e1 vydavatelstv\u00ed ka\u017ed\u00e9mu zadavateli inzerce dokladov\u00fd v\u00fdtisk titulu, ve kter\u00e9m vy\u0161el jeho inzer\u00e1t. Zadavatel\u016fm inzerce agentur\u00e1m zas\u00edl\u00e1 vydavatelstv\u00ed dva dokladov\u00e9 v\u00fdtisky.<\/span><\/li>\n<li><span style=\"color: #000000;\">P\u0159i prodlen\u00ed zadavatele se zaplacen\u00edm ceny za inzerci jsou vydavatelstv\u00edm \u00fa\u010dtov\u00e1ny \u00faroky z prodlen\u00ed ve v\u00fd\u0161i 0,1 % z ceny inzerce za ka\u017ed\u00fd den prodlen\u00ed.<\/span><\/li>\n<li><span style=\"color: #000000;\">P\u0159i nedodr\u017een\u00ed splatnosti faktury m\u00e1 vydavatelstv\u00ed pr\u00e1vo neuve\u0159ejnit dal\u0161\u00ed i ji\u017e objednanou a potvrzenou inzerci a\u017e do doby zaplacen\u00ed dlu\u017en\u00e9 \u010d\u00e1stky.<\/span><\/li>\n<li><span style=\"color: #000000;\">Vydavatelstv\u00ed si vyhrazuje pr\u00e1vo na zaplacen\u00ed z\u00e1lohy na cenu inzerce p\u0159ed jej\u00edm uve\u0159ejn\u011bn\u00edm, a to a\u017e do v\u00fd\u0161e 100 % ceny inzerce.<\/span><br \/>\n<span style=\"color: #000000;\">U zadavatele inzerce, kter\u00fd vstupuje do obchodn\u00edho vztahu s vydavatelstv\u00edm poprv\u00e9, m\u016f\u017ee b\u00fdt po\u017eadov\u00e1na z\u00e1loha p\u0159edem ve v\u00fd\u0161i 100 % na prvn\u00ed dva objednan\u00e9 inzer\u00e1ty. Na tyto inzer\u00e1ty bude vystavena faktura se splatnost\u00ed 14 dn\u00ed p\u0159ed term\u00ednem uve\u0159ejn\u011bn\u00ed inzerce.<\/span><br \/>\n<span style=\"color: #000000;\">V p\u0159\u00edpad\u011b, \u017ee nedojde k \u00fahrad\u011b, vyhrazuje si vydavatelstv\u00ed pr\u00e1vo inzerci neuve\u0159ejnit.<\/span><\/li>\n<\/ol>\n<p><strong><span style=\"color: #000000;\">Storno inzerce<\/span><\/strong><\/p>\n<ol>\n<li><span style=\"color: #000000;\">Storno inzerce podl\u00e9h\u00e1 n\u00e1sleduj\u00edc\u00edm poplatk\u016fm. Pokud zadavatel inzerce stornuje inzerci do data uz\u00e1v\u011brky inzerce (zve\u0159ejn\u011bno<\/span><br \/>\n<span style=\"color: #000000;\">v Mediadatech jednotliv\u00fdch \u010dasopis\u016f), neplat\u00ed \u017e\u00e1dn\u00fd storno poplatek, po uveden\u00e9m term\u00ednu uhrad\u00ed 100 % ceny inzer\u00e1tu. Stornov\u00e1n\u00ed je nutn\u00e9 u\u010dinit v\u00fdlu\u010dn\u011b p\u00edsemnou formou.<\/span><\/li>\n<li><span style=\"color: #000000;\">Z nal\u00e9hav\u00fdch d\u016fvod\u016f lze prov\u00e9st storno i telefonicky. V tomto p\u0159\u00edpad\u011b v\u0161ak mus\u00ed b\u00fdt do 24 hodin potvrzeno p\u00edsemn\u011b.<\/span><\/li>\n<li><span style=\"color: #000000;\">V p\u0159\u00edpad\u011b storna m\u00e1 vydavatelstv\u00ed pr\u00e1vo po\u017eadovat vr\u00e1cen\u00ed slev za opakov\u00e1n\u00ed nebo za finan\u010dn\u00ed objem, na kter\u00e9 pozbyl zadavatel inzerce t\u00edmto stornem pr\u00e1vo, a zadavatel inzerce je povinen poskytnutou slevu vydavatelstv\u00ed uhradit.<\/span><\/li>\n<\/ol>\n<p><strong><span style=\"color: #000000;\">Obchodn\u00ed sd\u011blen\u00ed<\/span><\/strong><\/p>\n<p><span style=\"font-size: 11pt; color: #000000;\">1. Zadavatel p\u0159ijet\u00edm t\u011bchto v\u0161eobecn\u00fdch obchodn\u00edch podm\u00ednek souhlas\u00ed ve smyslu z\u00e1kona \u010d. 480\/2004 Sb. o n\u011bkter\u00fdch slu\u017eb\u00e1ch informa\u010dn\u00edch spole\u010dnost\u00ed s vyu\u017eit\u00edm sv\u00e9ho elektronick\u00e9ho kontaktu pro pot\u0159eby \u0161\u00ed\u0159en\u00ed obchodn\u00edch sd\u011blen\u00ed vydavatelstv\u00ed. Tento souhlas m\u016f\u017ee zadavatel odm\u00edtnout ozn\u00e1men\u00edm o odm\u00edtnut\u00ed souhlasu adresovan\u00fdm vydavatelstv\u00ed na jeho elektronickou adresu.<\/span><\/p>\n<p><strong><span style=\"color: #000000;\">Z\u00e1v\u011bre\u010dn\u00e1 ustanoven\u00ed<\/span><\/strong><\/p>\n<p><span style=\"font-size: 11pt; color: #000000;\">Ujedn\u00e1n\u00ed zadavatele a vydavatelstv\u00ed v potvrzen\u00e9 objedn\u00e1vce m\u00e1 p\u0159ednost p\u0159ed \u00fapravou uvedenou v t\u011bchto V\u0161eobecn\u00fdch obchodn\u00edch podm\u00ednk\u00e1ch Business Media One, s.r.o.<\/span><\/p>\n<p><span style=\"font-size: 11pt; color: #000000;\">Zadavatel inzerce byl s t\u011bmito V\u0161eobecn\u00fdmi obchodn\u00edmi podm\u00ednkami Business Media One, s.r.o. \u0159\u00e1dn\u011b sezn\u00e1men, souhlas\u00ed s nimi bezv\u00fdhradn\u011b a tento souhlas podpisem objedn\u00e1vky stvrzuje.<\/span><\/p>\n<\/div>\n<\/div>\n<\/div>\n<\/div>\n<\/div>\n<\/div>\n<\/div>\n<\/div>\n<p>[\/et_pb_text][\/et_pb_column][\/et_pb_row][\/et_pb_section][et_pb_section bb_built=&#8220;1&#8243; admin_label=&#8220;Sekce&#8220; module_id=&#8220;patickaVOPCont&#8220; transparent_background=&#8220;off&#8220; allow_player_pause=&#8220;off&#8220; inner_shadow=&#8220;off&#8220; parallax=&#8220;off&#8220; parallax_method=&#8220;on&#8220; make_fullwidth=&#8220;off&#8220; use_custom_width=&#8220;off&#8220; width_unit=&#8220;on&#8220; make_equal=&#8220;off&#8220; use_custom_gutter=&#8220;off&#8220;][et_pb_row admin_label=&#8220;\u0158\u00e1dek&#8220; parallax_method_1=&#8220;off&#8220; module_id=&#8220;patickaVOPInner&#8220; allow_player_pause=&#8220;off&#8220; parallax=&#8220;off&#8220; parallax_method=&#8220;on&#8220; parallax_1=&#8220;off&#8220; make_fullwidth=&#8220;off&#8220; use_custom_width=&#8220;off&#8220; width_unit=&#8220;on&#8220; use_custom_gutter=&#8220;off&#8220; make_equal=&#8220;off&#8220;][et_pb_column type=&#8220;4_4&#8243;][et_pb_text admin_label=&#8220;Pati\u010dka + GDPR&#8220; module_id=&#8220;patickaVOP&#8220; background_layout=&#8220;light&#8220; text_orientation=&#8220;left&#8220; use_border_color=&#8220;off&#8220; border_color=&#8220;#ffffff&#8220; border_style=&#8220;solid&#8220;]<\/p>\n<p style=\"text-align: center;\"><span style=\"color: #f2f2f2; font-size: 8pt;\">\u00a9 2021 www.bmone.cz | Internetov\u00e1 str\u00e1nka www.bmone.cz je v\u00fdhradn\u00edm projektem spole\u010dnosti Business Media One, s.r.o., se s\u00eddlem N\u00e1dra\u017en\u00ed 762\/32, 150 00 Praha 5, I\u010c 03589552.<\/span><br \/>\n<span style=\"color: #ffffff; font-size: 8pt;\"><a style=\"color: #f2f2f2;\" href=\"https:\/\/bmone.uwdemo.cz\/index.php\/osobni-udaje\/\">Ochrana soukrom\u00ed<\/a>\u00a0|\u00a0<a style=\"color: #ffffff;\" href=\"https:\/\/bmone.uwdemo.cz\/index.php\/vop\/\">V\u0161eobecn\u00e9 obchodn\u00ed podm\u00ednky<\/a>\u00a0|\u00a0<a style=\"color: #ffffff;\" href=\"https:\/\/bmone.uwdemo.cz\/index.php\/placeny-obsah-mdkk\/\">Placen\u00fd obsah MDKK<\/a>\u00a0|\u00a0<a style=\"color: #ffffff;\" href=\"https:\/\/bmone.uwdemo.cz\/index.php\/placeny-obsah\/\">Poskytov\u00e1n\u00ed placen\u00e9ho obsahu<\/a>\u00a0|\u00a0<a style=\"color: #ffffff;\" href=\"https:\/\/bmone.uwdemo.cz\/index.php\/sluzby-spolecnosti\/\">Pou\u017e\u00edv\u00e1n\u00ed slu\u017eeb spole\u010dnosti<\/a><\/span><\/p>\n<p>[\/et_pb_text][\/et_pb_column][\/et_pb_row][\/et_pb_section]<\/p>\n","protected":false},"excerpt":{"rendered":"<p>[et_pb_section bb_built=&#8220;1&#8243; admin_label=&#8220;Sekce&#8220; fullwidth=&#8220;on&#8220;][et_pb_fullwidth_menu admin_label=&#8220;Tu\u010dn\u00e9 menu&#8220; menu_id=&#8220;2&#8243; background_layout=&#8220;dark&#8220; text_orientation=&#8220;right&#8220; submenu_direction=&#8220;downwards&#8220; fullwidth_menu=&#8220;off&#8220; module_id=&#8220;primaryMenu&#8220; background_color=&#8220;#ffffff&#8220; dropdown_menu_animation=&#8220;fade&#8220; dropdown_menu_bg_color=&#8220;rgba(86,86,86,0)&#8220; \/][\/et_pb_section][et_pb_section bb_built=&#8220;1&#8243; admin_label=&#8220;section&#8220; module_id=&#8220;contMain&#8220;][et_pb_row admin_label=&#8220;\u0158\u00e1dek&#8220; module_id=&#8220;innerMain&#8220;][et_pb_column type=&#8220;1_2&#8243;][et_pb_text admin_label=&#8220;Text&#8220; module_id=&#8220;textMain&#8220;] Nechte se inspirovat Jsme volba \u010d. 1 pro lidi, kte\u0159\u00ed to se sv\u00fdm domem mysl\u00ed v\u00e1\u017en\u011b. [\/et_pb_text][et_pb_image admin_label=&#8220;Obr\u00e1zek&#8220; src=&#8220;https:\/\/bmone.uwdemo.cz\/wp-content\/uploads\/2018\/12\/logoBMO.png&#8220; url=&#8220;https:\/\/bmone.uwdemo.cz&#8220; disabled_on=&#8220;off|off|on&#8220; module_id=&#8220;logoMobil&#8220; \/][et_pb_text admin_label=&#8220;Text&#8220; background_layout=&#8220;light&#8220; text_orientation=&#8220;left&#8220; use_border_color=&#8220;off&#8220; border_color=&#8220;#ffffff&#8220; border_style=&#8220;solid&#8220;] &nbsp; &nbsp; [&hellip;]<\/p>\n","protected":false},"author":1,"featured_media":0,"parent":0,"menu_order":0,"comment_status":"closed","ping_status":"closed","template":"","meta":{"footnotes":""},"class_list":["post-963","page","type-page","status-publish","hentry"],"_links":{"self":[{"href":"https:\/\/bmone.uwdemo.cz\/index.php\/wp-json\/wp\/v2\/pages\/963","targetHints":{"allow":["GET"]}}],"collection":[{"href":"https:\/\/bmone.uwdemo.cz\/index.php\/wp-json\/wp\/v2\/pages"}],"about":[{"href":"https:\/\/bmone.uwdemo.cz\/index.php\/wp-json\/wp\/v2\/types\/page"}],"author":[{"embeddable":true,"href":"https:\/\/bmone.uwdemo.cz\/index.php\/wp-json\/wp\/v2\/users\/1"}],"replies":[{"embeddable":true,"href":"https:\/\/bmone.uwdemo.cz\/index.php\/wp-json\/wp\/v2\/comments?post=963"}],"version-history":[{"count":26,"href":"https:\/\/bmone.uwdemo.cz\/index.php\/wp-json\/wp\/v2\/pages\/963\/revisions"}],"predecessor-version":[{"id":2144,"href":"https:\/\/bmone.uwdemo.cz\/index.php\/wp-json\/wp\/v2\/pages\/963\/revisions\/2144"}],"wp:attachment":[{"href":"https:\/\/bmone.uwdemo.cz\/index.php\/wp-json\/wp\/v2\/media?parent=963"}],"curies":[{"name":"wp","href":"https:\/\/api.w.org\/{rel}","templated":true}]}}