{"id":2076,"date":"2021-05-25T13:17:06","date_gmt":"2021-05-25T11:17:06","guid":{"rendered":"https:\/\/bmone.uwdemo.cz\/?page_id=2076"},"modified":"2021-05-26T14:12:52","modified_gmt":"2021-05-26T12:12:52","slug":"placeny-obsah-mdkk","status":"publish","type":"page","link":"https:\/\/bmone.uwdemo.cz\/index.php\/placeny-obsah-mdkk\/","title":{"rendered":"Podm\u00ednky slu\u017eby placen\u00e9ho obsahu Mujdumkrokzakrokem.cz"},"content":{"rendered":"<p>[et_pb_section bb_built=&#8220;1&#8243; admin_label=&#8220;Sekce&#8220; fullwidth=&#8220;on&#8220;][et_pb_fullwidth_menu admin_label=&#8220;Tu\u010dn\u00e9 menu&#8220; menu_id=&#8220;2&#8243; background_layout=&#8220;dark&#8220; text_orientation=&#8220;right&#8220; submenu_direction=&#8220;downwards&#8220; fullwidth_menu=&#8220;off&#8220; module_id=&#8220;primaryMenu&#8220; background_color=&#8220;#ffffff&#8220; dropdown_menu_animation=&#8220;fade&#8220; dropdown_menu_bg_color=&#8220;rgba(86,86,86,0)&#8220; \/][\/et_pb_section][et_pb_section bb_built=&#8220;1&#8243; admin_label=&#8220;section&#8220; module_id=&#8220;contMain&#8220;][et_pb_row admin_label=&#8220;\u0158\u00e1dek&#8220; module_id=&#8220;innerMain&#8220;][et_pb_column type=&#8220;1_2&#8243;][et_pb_text admin_label=&#8220;Text&#8220; module_id=&#8220;textMain&#8220;]<\/p>\n<h1><strong><span style=\"font-size: 80%;\">Nechte se inspirovat<\/span><\/strong><\/h1>\n<p>Jsme volba \u010d. 1 pro lidi, kte\u0159\u00ed to<br \/>\nse sv\u00fdm domem mysl\u00ed v\u00e1\u017en\u011b.<\/p>\n<p>[\/et_pb_text][et_pb_image admin_label=&#8220;Obr\u00e1zek&#8220; src=&#8220;https:\/\/bmone.uwdemo.cz\/wp-content\/uploads\/2018\/12\/logoBMO.png&#8220; url=&#8220;https:\/\/bmone.uwdemo.cz&#8220; disabled_on=&#8220;off|off|on&#8220; module_id=&#8220;logoMobil&#8220; \/][et_pb_text admin_label=&#8220;Text&#8220;]<\/p>\n<div class=\"btnOnas\">O N\u00c1S<\/div>\n<p>[\/et_pb_text][\/et_pb_column][et_pb_column type=&#8220;1_2&#8243;][et_pb_text admin_label=&#8220;Text&#8220; module_id=&#8220;airplane&#8220;]<\/p>\n<p><img decoding=\"async\" src=\"https:\/\/bmone.uwdemo.cz\/wp-content\/uploads\/2018\/12\/airplane-over.png\" alt=\"airplane\" \/><\/p>\n<p>[\/et_pb_text][\/et_pb_column][\/et_pb_row][et_pb_row admin_label=&#8220;row&#8220; module_id=&#8220;aktuality&#8220; module_class=&#8220;nadpiSekce&#8220;][et_pb_column type=&#8220;4_4&#8243;][et_pb_text admin_label=&#8220;Nadpis&#8220; module_id=&#8220;aktualityText&#8220; module_class=&#8220;nadpisSekce&#8220; background_layout=&#8220;light&#8220; text_orientation=&#8220;left&#8220; use_border_color=&#8220;off&#8220; border_color=&#8220;#ffffff&#8220; border_style=&#8220;solid&#8220;]<\/p>\n<p style=\"text-align: right; font-size: 220%;\"><span style=\"color: #df1256;\">Podm\u00ednky slu\u017eby placen\u00e9ho obsahu<br \/>\nMujdumkrokzakrokem.cz<\/span><\/p>\n<p>[\/et_pb_text][\/et_pb_column][\/et_pb_row][\/et_pb_section][et_pb_section bb_built=&#8220;1&#8243; admin_label=&#8220;Sekce&#8220; module_id=&#8220;aktuality&#8220; transparent_background=&#8220;on&#8220;][et_pb_row admin_label=&#8220;\u0158\u00e1dek&#8220; parallax_method_1=&#8220;off&#8220; module_id=&#8220;aktuality&#8220;][et_pb_column type=&#8220;4_4&#8243;][et_pb_text admin_label=&#8220;Text podm\u00ednky&#8220; module_id=&#8220;podminky&#8220; text_font_size=&#8220;11&#8243; background_layout=&#8220;light&#8220; text_orientation=&#8220;left&#8220; use_border_color=&#8220;off&#8220; border_color=&#8220;#ffffff&#8220; border_style=&#8220;solid&#8220;]<\/p>\n<p><span style=\"font-size: 14pt; color: #000000;\"><strong>Podm\u00ednky slu\u017eby placen\u00e9ho obsahu Mujdumkrokzakrokem.cz<\/strong><\/span><\/p>\n<p><strong><span style=\"font-size: 12pt; color: #000000;\">1. OBSAH A PARAMETRY SLU\u017dBY<\/span><\/strong><\/p>\n<p><span style=\"font-size: 11pt; color: #000000;\">1.1. Slu\u017eba placen\u00e9ho obsahu M\u016eJD\u016eMKROKZAKROKEM.CZ (d\u00e1le jen \u201eSlu\u017eba\u201c) obsahuje:<\/span><br \/>\n<span style=\"font-size: 11pt; color: #000000;\">P\u0159\u00edstup do placen\u00e9 z\u00f3ny na str\u00e1nce www.mujdumkrokzakrokem.cz<\/span><br \/>\n<span style=\"font-size: 11pt; color: #000000;\">Placen\u00e1 z\u00f3na obsahuje:<\/span><br \/>\n<span style=\"font-size: 11pt; color: #000000;\">a1) obsah, p\u0159\u00edstupn\u00fd v\u00fdlu\u010dn\u011b pro u\u017eivatele placen\u00e9 z\u00f3ny<\/span><br \/>\n<span style=\"font-size: 11pt; color: #000000;\">a2) PDF archiv \u010dasopisu M\u016fj d\u016fm, Rodinn\u00fd d\u016fm od roku 2012 Rodinn\u00fd d\u016fm krok za krokem od roku 2020<\/span><br \/>\n<span style=\"font-size: 11pt; color: #000000;\">a3) aktu\u00e1ln\u00ed ti\u0161t\u011bn\u00e9 vyd\u00e1n\u00ed \u010dasopisu M\u016fj d\u016fm a Rodinn\u00fd d\u016fm krok za krokem zaslan\u00e9 na koresponden\u010dn\u00ed adresu u\u017eivatele podle harmonogramu poskytovatele. Poskytovatel si vyhrazuje pr\u00e1vo tento harmonogram kdykoliv upravit.<\/span><\/p>\n<p><span style=\"font-size: 11pt; color: #000000;\">1.2. Slu\u017ebu lze objednat na obdob\u00ed<\/span><br \/>\n<span style=\"font-size: 11pt; color: #000000;\">30 dn\u016f (ozna\u010dov\u00e1no jako m\u011bs\u00ed\u010dn\u00ed p\u0159edplatn\u00e9)<\/span><\/p>\n<p><span style=\"font-size: 11pt; color: #000000;\">1.3. P\u0159\u00edstup ke Slu\u017eb\u011b je geograficky omezen na \u00fazem\u00ed \u010cesk\u00e9 republiky a Slovenska z d\u016fvodu variabiln\u00ed v\u00fd\u0161e po\u0161tovn\u00edch poplatk\u016f spojen\u00fdch se zasl\u00e1n\u00edm ti\u0161t\u011bn\u00e9ho \u010dasopisu (pokud m\u00e1te z\u00e1jem zas\u00edlat \u010dasopisy do jin\u00e9ho regionu napi\u0161te na mail: info@bmone.uwdemo.cz), t\u00edm nen\u00ed dot\u010deno omezen\u00ed nebo vylou\u010den\u00ed p\u0159\u00edstupu ke Slu\u017eb\u011b podle \u010dl. 3 t\u011bchto podm\u00ednek. U\u017eivatel Slu\u017eby (d\u00e1le jen \u201eU\u017eivatel\u201c) nen\u00ed opr\u00e1vn\u011bn p\u0159ev\u00e9st sv\u00e9 pr\u00e1vo na p\u0159\u00edstup ke Slu\u017eb\u011b na jinou osobu. U\u017eivatel nebude u\u017e\u00edvat jak\u00e9koli prost\u0159edky pro zm\u011bnu parametr\u016f Slu\u017eby, kter\u00e9 jsou stanoveny jej\u00edm Poskytovatelem.<\/span><\/p>\n<p><strong><span style=\"font-size: 12pt; color: #000000;\">2. CENA A PLATEBN\u00cd PODM\u00cdNKY<\/span><\/strong><\/p>\n<p><span style=\"font-size: 11pt; color: #000000;\">2.1. Ceny Slu\u017eby jsou uvedeny v rozhran\u00ed pro jej\u00ed objedn\u00e1vku.<\/span><\/p>\n<p><span style=\"font-size: 11pt; color: #000000;\">2.2. Slu\u017eba je poskytov\u00e1na na b\u00e1zi p\u0159edplatn\u00e9ho, tj. po uplynut\u00ed obdob\u00ed, na kter\u00e9 je Slu\u017eba uhrazena, doch\u00e1z\u00ed k automatick\u00e9mu prodlou\u017een\u00ed Slu\u017eby v\u017edy o stejnou dobu, na kterou byla Slu\u017eba uhrazena, a to i opakovan\u011b. U\u017eivatel m\u00e1 kdykoli mo\u017enost ve sv\u00e9m profilu na str\u00e1nce www.mujdumkrokzakrokem.cz prodlou\u017een\u00ed Slu\u017eby zak\u00e1zat. V takov\u00e9m p\u0159\u00edpad\u011b je poskytov\u00e1n\u00ed Slu\u017eby ukon\u010deno uplynut\u00edm aktu\u00e1ln\u00edho obdob\u00ed, na kter\u00e9 je Slu\u017eby uhrazena.<\/span><\/p>\n<p><span style=\"font-size: 11pt; color: #000000;\">2.3. Platba za Slu\u017ebu je prov\u00e1d\u011bna opakovan\u011b, v\u017edy za obdob\u00ed, na kter\u00e9 byla Slu\u017eba automaticky prodlou\u017eena. Platba je prov\u00e1d\u011bna automaticky prost\u0159ednictv\u00edm platebn\u00edho syst\u00e9mu spole\u010dnosti GoPay s.r.o. Maxim\u00e1ln\u00ed v\u00fd\u0161e jedn\u00e9 platby odpov\u00edd\u00e1 aktu\u00e1ln\u00ed cen\u011b Slu\u017eby za obdob\u00ed, na kter\u00e9 byla objedn\u00e1na nebo prodlou\u017eena. V\u00fd\u0161e platby je fixn\u00ed s v\u00fdjimkou zm\u011bny ceny stanoven\u00e9 Poskytovatelem a uve\u0159ejn\u011bn\u00e9 na str\u00e1nce www.mujdumkrokzakrokem.cz.<\/span><\/p>\n<p><span style=\"font-size: 11pt; color: #000000;\">2.4. S v\u00fdjimkou prv\u00e9 platby, kter\u00e1 je placena p\u0159ed zah\u00e1jen\u00edm poskytov\u00e1n\u00ed Slu\u017eby, jsou ostatn\u00ed platby prov\u00e1d\u011bny automaticky v\u017edy k 1. dni obdob\u00ed, o kter\u00e9 bylo poskytov\u00e1n\u00ed Slu\u017eby prodlou\u017eeno. Souhlas s opakovan\u00fdmi platbami za Slu\u017ebu a jej\u00ed prodlou\u017een\u00ed vyjad\u0159uje u\u017eivatel odkliknut\u00edm p\u0159i objedn\u00e1vce slu\u017eby. \u00davodn\u00ed informace o platb\u011b spojen\u00e9 s automatick\u00fdm prodlu\u017eov\u00e1n\u00edm Slu\u017eby, jako\u017e i jak\u00e9koli informace t\u00fdkaj\u00edc\u00ed se zm\u011bny t\u00e9to platby budou zas\u00edl\u00e1ny u\u017eivatel\u016fm na e-mailovou adresu uvedenou p\u0159i objedn\u00e1n\u00ed Slu\u017eby.<\/span><\/p>\n<p><strong><span style=\"font-size: 12pt; color: #000000;\">3. OMEZEN\u00cd ODPOV\u011aDNOSTI POSKYTOVATELE<\/span><\/strong><\/p>\n<p><span style=\"font-size: 11pt; color: #000000;\">3.1. Poskytovatel neodpov\u00edd\u00e1 za<\/span><br \/>\n<span style=\"font-size: 11pt; color: #000000;\">a) jak\u00e9koli neposkytnut\u00ed Slu\u017eby \u010di jej\u00ed v\u00fdpadek zp\u016fsoben\u00fd hardwarov\u00fdm nebo softwarov\u00fdm vybaven\u00edm U\u017eivatele nebo jeho neexistuj\u00edc\u00edm nebo nedostate\u010dn\u00fdm p\u0159\u00edstupem k internetu<\/span><br \/>\n<span style=\"font-size: 11pt; color: #000000;\">b) jak\u00e9koli neposkytnut\u00ed Slu\u017eby \u010di jej\u00ed v\u00fdpadek zp\u016fsoben\u00fd funkc\u00ed nebo poruchou ve\u0159ejn\u00e9 s\u00edt\u011b elektronick\u00fdch komunikac\u00ed nebo jin\u00e9 obdobn\u00e9 s\u00edt\u011b umo\u017e\u0148uj\u00edc\u00ed p\u0159ipojen\u00ed na internet<\/span><br \/>\n<span style=\"font-size: 11pt; color: #000000;\">c) jak\u00e9koli neposkytnut\u00ed Slu\u017eby z d\u016fvodu neopr\u00e1vn\u011bn\u00e9ho p\u0159\u00edstupu jin\u00e9 osoby ke Slu\u017eb\u011b v d\u016fsledku vyu\u017eit\u00ed identifika\u010dn\u00edch nebo jin\u00fdch \u00fadaj\u016f U\u017eivatele<\/span><br \/>\n<span style=\"font-size: 11pt; color: #000000;\">d) jakoukoli \u0161kodu na stran\u011b U\u017eivatele nebo jin\u00e9 osoby\/osob vznikl\u00e9 v d\u016fsledku neposkytnut\u00ed nebo ne\u00fapln\u00e9ho poskytnut\u00ed slu\u017eby<\/span><br \/>\n<span style=\"font-size: 11pt; color: #000000;\">e) jakoukoli \u0161kodu vzniklou p\u016fsoben\u00edm po\u010d\u00edta\u010dov\u00e9ho viru, trojsk\u00e9ho kon\u011b, malware a jin\u00e9ho obdobn\u00e9ho druhu softwaru<\/span><\/p>\n<p><span style=\"font-size: 11pt; color: #000000;\">3.2. Poskytovatel si vyhrazuje pr\u00e1vo p\u0159eru\u0161it poskytov\u00e1n\u00ed Slu\u017eby po dobu nezbytn\u011b nutn\u00e9 nebo p\u0159edem ohl\u00e1\u0161en\u00e9 \u00fadr\u017eby hardware, software nebo jin\u00fdch komponent\u016f pot\u0159ebn\u00fdch pro poskytov\u00e1n\u00ed Slu\u017eby.<\/span><\/p>\n<p><span style=\"font-size: 11pt; color: #000000;\">3.3. Pokud bude v r\u00e1mci Slu\u017eby publikov\u00e1na informace obsahuj\u00edc\u00ed n\u00e1zor, progn\u00f3zu nebo \u00favahu redakce, konkr\u00e9tn\u00ed fyzick\u00e9 osoby (v\u010detn\u011b, nikoli v\u0161ak v\u00fdlu\u010dn\u011b poradc\u016f zam\u011b\u0159en\u00fdch na konkr\u00e9tn\u00ed obor), pr\u00e1vnick\u00e9 osoby nebo jak\u00e9koli jin\u00e9 osoby, nep\u0159edstavuje tato publikace pokyn, doporu\u010den\u00ed nebo radu U\u017eivateli a U\u017eivatel\u00e9 nejsou \u017e\u00e1dn\u00fdm zp\u016fsobem vyz\u00fdv\u00e1ni k jejich respektov\u00e1n\u00ed, ani nep\u0159edstavuje nab\u00eddku na poskytnut\u00ed jak\u00e9koli slu\u017eby nebo na realizaci jak\u00e9hokoli obchodu. Takto publikovan\u00e9 informace jsou adresov\u00e1ny \u0161irok\u00e9 ve\u0159ejnosti a neberou v potaz osobn\u00ed ani ekonomickou situaci, z\u00e1m\u011bry a o\u010dek\u00e1v\u00e1n\u00ed konkr\u00e9tn\u00edch U\u017eivatel\u016f a nemohou samy o sob\u011b, ani ve spojen\u00ed s jin\u00fdmi informacemi publikovan\u00fdmi v r\u00e1mci Slu\u017eby b\u00fdt podkladem pro kvalifikovan\u00e9 rozhodnut\u00ed U\u017eivatele nebo jak\u00e9koli jin\u00e9 osoby a nemohou nahradit vlastn\u00ed \u00favahu nebo konzultaci s odborn\u00edkem v dan\u00e9 oblasti. Takto publikovan\u00e9 informace se zpravidla vztahuj\u00ed k situaci v m\u00edst\u011b a \u010dase, kdy byly publikov\u00e1ny a Poskytovatel nen\u00ed povinen je aktualizovat nebo m\u011bnit v souvislosti se zm\u011bnou okolnost\u00ed ani z jak\u00e9hokoli jin\u00e9ho d\u016fvodu. Poskytovatel neodpov\u00edd\u00e1 za \u0161kodu ani za jakoukoli jinou ztr\u00e1tu zp\u016fsobenou jedn\u00e1n\u00edm U\u017eivatele nebo jak\u00e9koli jin\u00e9 osoby na z\u00e1klad\u011b publikovan\u00e9 informace.<\/span><\/p>\n<p><strong><span style=\"font-size: 12pt; color: #000000;\">4. OSTATN\u00cd USTANOVEN\u00cd<\/span><\/strong><\/p>\n<p><span style=\"font-size: 11pt; color: #000000;\">4.1. Pr\u00e1vn\u00ed vztahy vznikl\u00e9 p\u0159i poskytov\u00e1n\u00ed Slu\u017eby Poskytovatelem a u\u017e\u00edv\u00e1n\u00ed Slu\u017eby U\u017eivatelem a v souvislosti s nimi se \u0159\u00edd\u00ed:<\/span><\/p>\n<ul>\n<li><span style=\"font-size: 11pt; color: #000000;\">t\u011bmito podm\u00ednkami<\/span><\/li>\n<li><span style=\"font-size: 11pt; color: #000000;\"><a href=\"https:\/\/bmone.uwdemo.cz\/index.php\/placeny-obsah\/\">Obchodn\u00edmi podm\u00ednkami pro poskytov\u00e1n\u00ed placen\u00e9ho obsahu spole\u010dnosti Business Media One, s. r. o.<\/a><\/span><\/li>\n<li><span style=\"font-size: 11pt; color: #000000;\"><a href=\"https:\/\/bmone.uwdemo.cz\/index.php\/sluzby-spolecnosti\/\">Podm\u00ednkami pro u\u017e\u00edv\u00e1n\u00ed slu\u017eby spole\u010dnosti Business Media One, s. r. o.<\/a><\/span><\/li>\n<li><span style=\"font-size: 11pt; color: #000000;\">pr\u00e1vn\u00edmi p\u0159edpisy \u010cesk\u00e9 republiky<\/span><\/li>\n<\/ul>\n<p><span style=\"font-size: 11pt; color: #000000;\">v p\u0159\u00edpad\u011b jejich rozporu m\u00e1 p\u0159ednost ten dokument, kter\u00fd je uveden jako d\u0159\u00edv\u011bj\u0161\u00ed v po\u0159ad\u00ed. K rozhodov\u00e1n\u00ed spor\u016f vznikl\u00fdch v souvislosti s poskytov\u00e1n\u00edm nebo u\u017e\u00edv\u00e1n\u00edm Slu\u017eby jsou p\u0159\u00edslu\u0161n\u00e9 \u010desk\u00e9 soudy. Pokud je U\u017eivatel spot\u0159ebitelem, m\u016f\u017ee se pro mimosoudn\u00ed \u0159e\u0161en\u00ed p\u0159\u00edpadn\u00e9ho spot\u0159ebitelsk\u00e9ho sporu obr\u00e1tit na \u010ceskou obchodn\u00ed inspekci, internetov\u00e1 adresa adr.coi.cz.<\/span><\/p>\n<p><span style=\"font-size: 11pt; color: #000000;\">4.2. Poskytovatel je opr\u00e1vn\u011bn m\u011bnit tyto Podm\u00ednky slu\u017eby placen\u00e9ho obsahu mujdumkrokzakrokem.cz. Informaci o takov\u00e9to zm\u011bn\u011b bude publikovat na internetov\u00e9 str\u00e1nce, na kter\u00e9 je poskytov\u00e1na Slu\u017eba, nejpozd\u011bji 30 dn\u016f p\u0159ed nabyt\u00edm \u00fa\u010dinnosti zm\u011bny.<\/span><\/p>\n<p><span style=\"font-size: 11pt; color: #000000;\">4.3. Poskytovatel je opr\u00e1vn\u011bn kdykoli p\u0159eru\u0161it \u010di ukon\u010dit poskytov\u00e1n\u00ed Slu\u017eby. V p\u0159\u00edpad\u011b ukon\u010den\u00ed poskytov\u00e1n\u00ed Slu\u017eby p\u0159ed uplynut\u00edm obdob\u00ed, na kter\u00e9 byla U\u017eivatelem uhrazena, bude p\u0159\u00edslu\u0161n\u00e9mu U\u017eivateli vr\u00e1cena pom\u011brn\u00e1 \u010d\u00e1st ceny za Slu\u017ebu podle doby, po kterou byla Slu\u017eba v aktu\u00e1ln\u00edm obdob\u00ed poskytov\u00e1na.<\/span><\/p>\n<p><span style=\"font-size: 11pt; color: #000000;\">4.4. Po skon\u010den\u00ed poskytov\u00e1n\u00ed Slu\u017eby ztr\u00e1c\u00ed U\u017eivatel p\u0159\u00edstup k ve\u0161ker\u00e9mu obsahu, kter\u00fd mu byl v r\u00e1mci Slu\u017eby zp\u0159\u00edstupn\u011bn.<\/span><\/p>\n<p><span style=\"font-size: 11pt; color: #000000;\">Poskytovatelem Slu\u017eby je spole\u010dnost Business Media One, s.r.o. se s\u00eddlem N\u00e1dra\u017en\u00ed 762\/32, Sm\u00edchov, 150 00 Praha 5, identifika\u010dn\u00ed \u010d\u00edslo: 03589552, zapsan\u00e9 v obchodn\u00edm rejst\u0159\u00edku veden\u00e9m M\u011bstsk\u00fdm soudem v Praze, odd\u00edl C, vlo\u017eka 234179<\/span><\/p>\n<p>[\/et_pb_text][\/et_pb_column][\/et_pb_row][\/et_pb_section][et_pb_section bb_built=&#8220;1&#8243; admin_label=&#8220;Sekce&#8220; module_id=&#8220;patickaVOPCont&#8220;][et_pb_row admin_label=&#8220;\u0158\u00e1dek&#8220; parallax_method_1=&#8220;off&#8220; module_id=&#8220;patickaVOPInner&#8220;][et_pb_column type=&#8220;4_4&#8243;][et_pb_text admin_label=&#8220;Pati\u010dka + GDPR&#8220; module_id=&#8220;patickaVOP&#8220; background_layout=&#8220;light&#8220; text_orientation=&#8220;left&#8220; use_border_color=&#8220;off&#8220; border_color=&#8220;#ffffff&#8220; border_style=&#8220;solid&#8220;]<\/p>\n<p style=\"text-align: center;\"><span style=\"color: #f2f2f2; font-size: 8pt;\">\u00a9 2021 www.bmone.cz | Internetov\u00e1 str\u00e1nka www.bmone.cz je v\u00fdhradn\u00edm projektem spole\u010dnosti Business Media One, s.r.o., se s\u00eddlem N\u00e1dra\u017en\u00ed 762\/32, 150 00 Praha 5, I\u010c 03589552.<\/span><br \/>\n<span style=\"color: #ffffff; font-size: 8pt;\"><a style=\"color: #f2f2f2;\" href=\"https:\/\/bmone.uwdemo.cz\/index.php\/osobni-udaje\/\">Ochrana soukrom\u00ed<\/a>\u00a0|\u00a0<a style=\"color: #ffffff;\" href=\"https:\/\/bmone.uwdemo.cz\/index.php\/vop\/\">V\u0161eobecn\u00e9 obchodn\u00ed podm\u00ednky<\/a>\u00a0|\u00a0<a style=\"color: #ffffff;\" href=\"https:\/\/bmone.uwdemo.cz\/index.php\/placeny-obsah-mdkk\/\">Placen\u00fd obsah MDKK<\/a>\u00a0|\u00a0<a style=\"color: #ffffff;\" href=\"https:\/\/bmone.uwdemo.cz\/index.php\/placeny-obsah\/\">Poskytov\u00e1n\u00ed placen\u00e9ho obsahu<\/a>\u00a0|\u00a0<a style=\"color: #ffffff;\" href=\"https:\/\/bmone.uwdemo.cz\/index.php\/sluzby-spolecnosti\/\">Pou\u017e\u00edv\u00e1n\u00ed slu\u017eeb spole\u010dnosti<\/a><\/span><\/p>\n<p>[\/et_pb_text][\/et_pb_column][\/et_pb_row][\/et_pb_section]<\/p>\n","protected":false},"excerpt":{"rendered":"<p>[et_pb_section bb_built=&#8220;1&#8243; admin_label=&#8220;Sekce&#8220; fullwidth=&#8220;on&#8220;][et_pb_fullwidth_menu admin_label=&#8220;Tu\u010dn\u00e9 menu&#8220; menu_id=&#8220;2&#8243; background_layout=&#8220;dark&#8220; text_orientation=&#8220;right&#8220; submenu_direction=&#8220;downwards&#8220; fullwidth_menu=&#8220;off&#8220; module_id=&#8220;primaryMenu&#8220; background_color=&#8220;#ffffff&#8220; dropdown_menu_animation=&#8220;fade&#8220; dropdown_menu_bg_color=&#8220;rgba(86,86,86,0)&#8220; \/][\/et_pb_section][et_pb_section bb_built=&#8220;1&#8243; admin_label=&#8220;section&#8220; module_id=&#8220;contMain&#8220;][et_pb_row admin_label=&#8220;\u0158\u00e1dek&#8220; module_id=&#8220;innerMain&#8220;][et_pb_column type=&#8220;1_2&#8243;][et_pb_text admin_label=&#8220;Text&#8220; module_id=&#8220;textMain&#8220;] Nechte se inspirovat Jsme volba \u010d. 1 pro lidi, kte\u0159\u00ed to se sv\u00fdm domem mysl\u00ed v\u00e1\u017en\u011b. [\/et_pb_text][et_pb_image admin_label=&#8220;Obr\u00e1zek&#8220; src=&#8220;https:\/\/bmone.uwdemo.cz\/wp-content\/uploads\/2018\/12\/logoBMO.png&#8220; url=&#8220;https:\/\/bmone.uwdemo.cz&#8220; disabled_on=&#8220;off|off|on&#8220; module_id=&#8220;logoMobil&#8220; \/][et_pb_text admin_label=&#8220;Text&#8220;] O N\u00c1S [\/et_pb_text][\/et_pb_column][et_pb_column type=&#8220;1_2&#8243;][et_pb_text admin_label=&#8220;Text&#8220; module_id=&#8220;airplane&#8220;] [\/et_pb_text][\/et_pb_column][\/et_pb_row][et_pb_row [&hellip;]<\/p>\n","protected":false},"author":1,"featured_media":0,"parent":0,"menu_order":0,"comment_status":"closed","ping_status":"closed","template":"","meta":{"footnotes":""},"class_list":["post-2076","page","type-page","status-publish","hentry"],"_links":{"self":[{"href":"https:\/\/bmone.uwdemo.cz\/index.php\/wp-json\/wp\/v2\/pages\/2076","targetHints":{"allow":["GET"]}}],"collection":[{"href":"https:\/\/bmone.uwdemo.cz\/index.php\/wp-json\/wp\/v2\/pages"}],"about":[{"href":"https:\/\/bmone.uwdemo.cz\/index.php\/wp-json\/wp\/v2\/types\/page"}],"author":[{"embeddable":true,"href":"https:\/\/bmone.uwdemo.cz\/index.php\/wp-json\/wp\/v2\/users\/1"}],"replies":[{"embeddable":true,"href":"https:\/\/bmone.uwdemo.cz\/index.php\/wp-json\/wp\/v2\/comments?post=2076"}],"version-history":[{"count":15,"href":"https:\/\/bmone.uwdemo.cz\/index.php\/wp-json\/wp\/v2\/pages\/2076\/revisions"}],"predecessor-version":[{"id":2142,"href":"https:\/\/bmone.uwdemo.cz\/index.php\/wp-json\/wp\/v2\/pages\/2076\/revisions\/2142"}],"wp:attachment":[{"href":"https:\/\/bmone.uwdemo.cz\/index.php\/wp-json\/wp\/v2\/media?parent=2076"}],"curies":[{"name":"wp","href":"https:\/\/api.w.org\/{rel}","templated":true}]}}